{"id":80,"date":"2025-02-18T04:40:09","date_gmt":"2025-02-18T04:40:09","guid":{"rendered":"https:\/\/ateliervelochevinay.fr\/site\/?page_id=80"},"modified":"2025-02-18T04:41:01","modified_gmt":"2025-02-18T04:41:01","slug":"services-proposes","status":"publish","type":"page","link":"https:\/\/ateliervelochevinay.fr\/site\/services-proposes\/","title":{"rendered":"Services propos\u00e9s"},"content":{"rendered":"\n<p><strong>J\u2019interviens sur votre v\u00e9lo dans mon atelier ou \u00e0 domicile, ainsi que votre lieu de travail, sur rendez-vous<\/strong>.<br><br>Avec une attention particuli\u00e8re pour comprendre vos besoins et r\u00e9aliser une prestation de qualit\u00e9 dans ces principaux domaines:<\/p>\n\n\n\n<p>Aide au choix technique des composants et accessoires pertinents pour chaque utilisation<\/p>\n\n\n\n<p>Travaux d\u2019entretien sur des v\u00e9los classiques et \u00e9lectriques<\/p>\n\n\n\n<p>Reconstruction de v\u00e9los endommag\u00e9s<\/p>\n\n\n\n<p>Recherche de panne et traitement des mises \u00e0 jour logicielles sur v\u00e9los \u00e9lectriques<\/p>\n\n\n\n<p>Montage de roues \u00e0 la carte<\/p>\n\n\n\n<p>\u00c9tude posturale et affinement de la position<\/p>\n","protected":false},"excerpt":{"rendered":"<p>J\u2019interviens sur votre v\u00e9lo dans mon atelier ou \u00e0 domicile, ainsi que votre lieu de travail, sur rendez-vous. Avec une attention particuli\u00e8re pour comprendre vos besoins et r\u00e9aliser une prestation de qualit\u00e9 dans ces principaux domaines: Aide au choix technique des composants et accessoires pertinents pour chaque utilisation Travaux d\u2019entretien sur des v\u00e9los classiques et &hellip; <\/p>\n<p class=\"link-more\"><a href=\"https:\/\/ateliervelochevinay.fr\/site\/services-proposes\/\" class=\"more-link\">Continuer la lecture<span class=\"screen-reader-text\"> de &laquo;&nbsp;Services propos\u00e9s&nbsp;&raquo;<\/span><\/a><\/p>\n","protected":false},"author":1,"featured_media":0,"parent":0,"menu_order":0,"comment_status":"closed","ping_status":"closed","template":"","meta":{"footnotes":""},"class_list":["post-80","page","type-page","status-publish","hentry"],"_links":{"self":[{"href":"https:\/\/ateliervelochevinay.fr\/site\/wp-json\/wp\/v2\/pages\/80","targetHints":{"allow":["GET"]}}],"collection":[{"href":"https:\/\/ateliervelochevinay.fr\/site\/wp-json\/wp\/v2\/pages"}],"about":[{"href":"https:\/\/ateliervelochevinay.fr\/site\/wp-json\/wp\/v2\/types\/page"}],"author":[{"embeddable":true,"href":"https:\/\/ateliervelochevinay.fr\/site\/wp-json\/wp\/v2\/users\/1"}],"replies":[{"embeddable":true,"href":"https:\/\/ateliervelochevinay.fr\/site\/wp-json\/wp\/v2\/comments?post=80"}],"version-history":[{"count":3,"href":"https:\/\/ateliervelochevinay.fr\/site\/wp-json\/wp\/v2\/pages\/80\/revisions"}],"predecessor-version":[{"id":83,"href":"https:\/\/ateliervelochevinay.fr\/site\/wp-json\/wp\/v2\/pages\/80\/revisions\/83"}],"wp:attachment":[{"href":"https:\/\/ateliervelochevinay.fr\/site\/wp-json\/wp\/v2\/media?parent=80"}],"curies":[{"name":"wp","href":"https:\/\/api.w.org\/{rel}","templated":true}]}}