{"id":11,"date":"2025-01-10T20:34:04","date_gmt":"2025-01-10T20:34:04","guid":{"rendered":"https:\/\/ateliervelochevinay.fr\/site\/?page_id=11"},"modified":"2025-02-18T04:36:48","modified_gmt":"2025-02-18T04:36:48","slug":"accueil","status":"publish","type":"page","link":"https:\/\/ateliervelochevinay.fr\/site\/","title":{"rendered":"Accueil"},"content":{"rendered":"\n<p>Cr\u00e9\u00e9 en 2020 l\u2019Atelier v\u00e9lo de Chevinay est sp\u00e9cialis\u00e9 dans la vente, l\u2019entretien et les montages sp\u00e9cifiques de v\u00e9los.<br><\/p>\n\n\n\n<p>Professionnel du cycle depuis 2008 avec un parcours de Responsable de magasins chez Buzibi puis Altermove et Responsable technique dans l\u2019entreprise V\u00e9logik, je mets \u00e0 votre disposition mon savoir-faire pour accompagner tous vos projets autour du v\u00e9lo.<\/p>\n","protected":false},"excerpt":{"rendered":"<p>Cr\u00e9\u00e9 en 2020 l\u2019Atelier v\u00e9lo de Chevinay est sp\u00e9cialis\u00e9 dans la vente, l\u2019entretien et les montages sp\u00e9cifiques de v\u00e9los. Professionnel du cycle depuis 2008 avec un parcours de Responsable de magasins chez Buzibi puis Altermove et Responsable technique dans l\u2019entreprise V\u00e9logik, je mets \u00e0 votre disposition mon savoir-faire pour accompagner tous vos projets autour du &hellip; <\/p>\n<p class=\"link-more\"><a href=\"https:\/\/ateliervelochevinay.fr\/site\/\" class=\"more-link\">Continuer la lecture<span class=\"screen-reader-text\"> de &laquo;&nbsp;Accueil&nbsp;&raquo;<\/span><\/a><\/p>\n","protected":false},"author":1,"featured_media":43,"parent":0,"menu_order":0,"comment_status":"closed","ping_status":"closed","template":"","meta":{"footnotes":""},"class_list":["post-11","page","type-page","status-publish","has-post-thumbnail","hentry"],"_links":{"self":[{"href":"https:\/\/ateliervelochevinay.fr\/site\/wp-json\/wp\/v2\/pages\/11","targetHints":{"allow":["GET"]}}],"collection":[{"href":"https:\/\/ateliervelochevinay.fr\/site\/wp-json\/wp\/v2\/pages"}],"about":[{"href":"https:\/\/ateliervelochevinay.fr\/site\/wp-json\/wp\/v2\/types\/page"}],"author":[{"embeddable":true,"href":"https:\/\/ateliervelochevinay.fr\/site\/wp-json\/wp\/v2\/users\/1"}],"replies":[{"embeddable":true,"href":"https:\/\/ateliervelochevinay.fr\/site\/wp-json\/wp\/v2\/comments?post=11"}],"version-history":[{"count":4,"href":"https:\/\/ateliervelochevinay.fr\/site\/wp-json\/wp\/v2\/pages\/11\/revisions"}],"predecessor-version":[{"id":78,"href":"https:\/\/ateliervelochevinay.fr\/site\/wp-json\/wp\/v2\/pages\/11\/revisions\/78"}],"wp:featuredmedia":[{"embeddable":true,"href":"https:\/\/ateliervelochevinay.fr\/site\/wp-json\/wp\/v2\/media\/43"}],"wp:attachment":[{"href":"https:\/\/ateliervelochevinay.fr\/site\/wp-json\/wp\/v2\/media?parent=11"}],"curies":[{"name":"wp","href":"https:\/\/api.w.org\/{rel}","templated":true}]}}