{"id":102,"date":"2025-02-18T05:35:39","date_gmt":"2025-02-18T05:35:39","guid":{"rendered":"https:\/\/ateliervelochevinay.fr\/site\/?page_id=102"},"modified":"2025-02-18T05:35:39","modified_gmt":"2025-02-18T05:35:39","slug":"horaires","status":"publish","type":"page","link":"https:\/\/ateliervelochevinay.fr\/site\/horaires\/","title":{"rendered":"Horaires"},"content":{"rendered":"\n<p><strong>Horaires d\u2019ouverture sur rendez-vous\u00a0<\/strong><\/p>\n\n\n\n<p>(les d\u00e9p\u00f4ts et retraits de v\u00e9los peuvent se faire hors horaire \u00e0 la demande)<strong>:<\/strong><\/p>\n\n\n\n<figure class=\"wp-block-table\"><table class=\"has-fixed-layout\"><tbody><tr><td>LUNDI<\/td><td>11H-19H<\/td><\/tr><tr><td>MARDI<\/td><td>11H-19H<\/td><\/tr><tr><td>MERCREDI<\/td><td>11H-19H<\/td><\/tr><tr><td>JEUDI<\/td><td>11H-19H<\/td><\/tr><tr><td>VENDREDI<\/td><td>11H-19H<\/td><\/tr><tr><td>SAMEDI<\/td><td>9H-18H<\/td><\/tr><tr><td>DIMANCHE<\/td><td><strong>FERM\u00c9<\/strong><\/td><\/tr><\/tbody><\/table><\/figure>\n","protected":false},"excerpt":{"rendered":"<p>Horaires d\u2019ouverture sur rendez-vous\u00a0 (les d\u00e9p\u00f4ts et retraits de v\u00e9los peuvent se faire hors horaire \u00e0 la demande): LUNDI 11H-19H MARDI 11H-19H MERCREDI 11H-19H JEUDI 11H-19H VENDREDI 11H-19H SAMEDI 9H-18H DIMANCHE FERM\u00c9<\/p>\n","protected":false},"author":1,"featured_media":0,"parent":0,"menu_order":0,"comment_status":"closed","ping_status":"closed","template":"","meta":{"footnotes":""},"class_list":["post-102","page","type-page","status-publish","hentry"],"_links":{"self":[{"href":"https:\/\/ateliervelochevinay.fr\/site\/wp-json\/wp\/v2\/pages\/102","targetHints":{"allow":["GET"]}}],"collection":[{"href":"https:\/\/ateliervelochevinay.fr\/site\/wp-json\/wp\/v2\/pages"}],"about":[{"href":"https:\/\/ateliervelochevinay.fr\/site\/wp-json\/wp\/v2\/types\/page"}],"author":[{"embeddable":true,"href":"https:\/\/ateliervelochevinay.fr\/site\/wp-json\/wp\/v2\/users\/1"}],"replies":[{"embeddable":true,"href":"https:\/\/ateliervelochevinay.fr\/site\/wp-json\/wp\/v2\/comments?post=102"}],"version-history":[{"count":1,"href":"https:\/\/ateliervelochevinay.fr\/site\/wp-json\/wp\/v2\/pages\/102\/revisions"}],"predecessor-version":[{"id":103,"href":"https:\/\/ateliervelochevinay.fr\/site\/wp-json\/wp\/v2\/pages\/102\/revisions\/103"}],"wp:attachment":[{"href":"https:\/\/ateliervelochevinay.fr\/site\/wp-json\/wp\/v2\/media?parent=102"}],"curies":[{"name":"wp","href":"https:\/\/api.w.org\/{rel}","templated":true}]}}